{"id":9,"date":"2023-03-16T15:52:39","date_gmt":"2023-03-16T18:52:39","guid":{"rendered":"http:\/\/127.0.0.1\/hlf\/?page_id=9"},"modified":"2024-10-09T15:06:23","modified_gmt":"2024-10-09T18:06:23","slug":"home","status":"publish","type":"page","link":"https:\/\/hlf.com.ar\/en\/","title":{"rendered":"Home"},"content":{"rendered":"","protected":false},"excerpt":{"rendered":"","protected":false},"author":1,"featured_media":0,"parent":0,"menu_order":0,"comment_status":"closed","ping_status":"closed","template":"","meta":[],"yoast_head":"<!-- This site is optimized with the Yoast SEO plugin v15.1 - https:\/\/yoast.com\/wordpress\/plugins\/seo\/ -->\n<meta name=\"description\" content=\"Operando ininterrumpidamente desde hace m\u00e1s de 50 a\u00f1os en el sector de Comercio Exterior, brindamos a todos nuestros clientes el m\u00e1s alto nivel de servicio, teniendo como premisa la simplificaci\u00f3n de las tareas de Comercio exterior para convertirnos en un proveedor estrat\u00e9gico a largo plazo.\" \/>\n<meta name=\"robots\" content=\"index, follow, max-snippet:-1, max-image-preview:large, max-video-preview:-1\" \/>\n<link rel=\"canonical\" href=\"http:\/\/temp.hlf.com.ar\" \/>\n<meta property=\"og:locale\" content=\"en_US\" \/>\n<meta property=\"og:type\" content=\"article\" \/>\n<meta property=\"og:title\" content=\"Home - HLF Custom Services\" \/>\n<meta property=\"og:description\" content=\"Operando ininterrumpidamente desde hace m\u00e1s de 50 a\u00f1os en el sector de Comercio Exterior, brindamos a todos nuestros clientes el m\u00e1s alto nivel de servicio, teniendo como premisa la simplificaci\u00f3n de las tareas de Comercio exterior para convertirnos en un proveedor estrat\u00e9gico a largo plazo.\" \/>\n<meta property=\"og:url\" content=\"http:\/\/temp.hlf.com.ar\" \/>\n<meta property=\"og:site_name\" content=\"HLF Custom Services\" \/>\n<meta property=\"article:modified_time\" content=\"2024-10-09T18:06:23+00:00\" \/>\n<meta name=\"twitter:card\" content=\"summary_large_image\" \/>\n<script type=\"application\/ld+json\" class=\"yoast-schema-graph\">{\"@context\":\"https:\/\/schema.org\",\"@graph\":[{\"@type\":\"WebSite\",\"@id\":\"https:\/\/hlf.com.ar\/en\/#website\",\"url\":\"https:\/\/hlf.com.ar\/en\/\",\"name\":\"HLF Custom Services\",\"description\":\"\",\"potentialAction\":[{\"@type\":\"SearchAction\",\"target\":\"https:\/\/hlf.com.ar\/en\/?s={search_term_string}\",\"query-input\":\"required name=search_term_string\"}],\"inLanguage\":\"en-US\"},{\"@type\":\"WebPage\",\"@id\":\"http:\/\/temp.hlf.com.ar#webpage\",\"url\":\"http:\/\/temp.hlf.com.ar\",\"name\":\"Home - HLF Custom Services\",\"isPartOf\":{\"@id\":\"https:\/\/hlf.com.ar\/en\/#website\"},\"datePublished\":\"2023-03-16T18:52:39+00:00\",\"dateModified\":\"2024-10-09T18:06:23+00:00\",\"description\":\"Operando ininterrumpidamente desde hace m\\u00e1s de 50 a\\u00f1os en el sector de Comercio Exterior, brindamos a todos nuestros clientes el m\\u00e1s alto nivel de servicio, teniendo como premisa la simplificaci\\u00f3n de las tareas de Comercio exterior para convertirnos en un proveedor estrat\\u00e9gico a largo plazo.\",\"inLanguage\":\"en-US\",\"potentialAction\":[{\"@type\":\"ReadAction\",\"target\":[\"http:\/\/temp.hlf.com.ar\"]}]}]}<\/script>\n<!-- \/ Yoast SEO plugin. -->","_links":{"self":[{"href":"https:\/\/hlf.com.ar\/en\/wp-json\/wp\/v2\/pages\/9"}],"collection":[{"href":"https:\/\/hlf.com.ar\/en\/wp-json\/wp\/v2\/pages"}],"about":[{"href":"https:\/\/hlf.com.ar\/en\/wp-json\/wp\/v2\/types\/page"}],"author":[{"embeddable":true,"href":"https:\/\/hlf.com.ar\/en\/wp-json\/wp\/v2\/users\/1"}],"replies":[{"embeddable":true,"href":"https:\/\/hlf.com.ar\/en\/wp-json\/wp\/v2\/comments?post=9"}],"version-history":[{"count":86,"href":"https:\/\/hlf.com.ar\/en\/wp-json\/wp\/v2\/pages\/9\/revisions"}],"predecessor-version":[{"id":3732,"href":"https:\/\/hlf.com.ar\/en\/wp-json\/wp\/v2\/pages\/9\/revisions\/3732"}],"wp:attachment":[{"href":"https:\/\/hlf.com.ar\/en\/wp-json\/wp\/v2\/media?parent=9"}],"curies":[{"name":"wp","href":"https:\/\/api.w.org\/{rel}","templated":true}]}}